{"id":119,"date":"2019-06-07T18:31:20","date_gmt":"2019-06-07T16:31:20","guid":{"rendered":"http:\/\/service.projektlabor.tu-berlin.de\/wordpress\/ss2019mo\/?page_id=119"},"modified":"2019-07-11T23:44:21","modified_gmt":"2019-07-11T21:44:21","slug":"splitter","status":"publish","type":"page","link":"https:\/\/service.projektlabor.tu-berlin.de\/wordpress\/Synthaffaere\/filter-plus\/splitter\/","title":{"rendered":"Splitter"},"content":{"rendered":"<div>\n<p>Ein Splitter bedeutet w\u00f6rtlich Aufteiler. Der Splitter ist eine Komponente einer \u201dDSLAnlage\u201d, welche die gemischten Signale von Telefon (Sprachfrequenz) und Internetanschluss (Hochfrequenz) in diesen beiden Bestandteile zerlegt und auch wieder zusammenf\u00fchrt. Die Funktionsweise des Splitters ist grob vergleichbar mit einer Frequenzweiche, die ein Audiosignal auf mehrere Lautsprecher in Abh\u00e4ngigkeit von der Tonh\u00f6he aufteilt.<br \/>\nIn diesem Projektlabor haben wir ein Splitterschaltung aufgebaut, die ein analoges Audiosignal als Eingang verwendet.<\/p>\n<div>\n<p><img loading=\"lazy\" class=\"alignnone size-large wp-image-82\" src=\"http:\/\/service.projektlabor.tu-berlin.de\/wordpress\/ss2019mo\/wp-content\/uploads\/sites\/25\/2019\/06\/splitter1-1024x654.jpg\" alt=\"\" width=\"584\" height=\"373\" srcset=\"https:\/\/service.projektlabor.tu-berlin.de\/wordpress\/Synthaffaere\/wp-content\/uploads\/sites\/25\/2019\/06\/splitter1-1024x654.jpg 1024w, https:\/\/service.projektlabor.tu-berlin.de\/wordpress\/Synthaffaere\/wp-content\/uploads\/sites\/25\/2019\/06\/splitter1-300x192.jpg 300w, https:\/\/service.projektlabor.tu-berlin.de\/wordpress\/Synthaffaere\/wp-content\/uploads\/sites\/25\/2019\/06\/splitter1-768x490.jpg 768w, https:\/\/service.projektlabor.tu-berlin.de\/wordpress\/Synthaffaere\/wp-content\/uploads\/sites\/25\/2019\/06\/splitter1-470x300.jpg 470w, https:\/\/service.projektlabor.tu-berlin.de\/wordpress\/Synthaffaere\/wp-content\/uploads\/sites\/25\/2019\/06\/splitter1.jpg 1115w\" sizes=\"(max-width: 584px) 100vw, 584px\" \/><\/p>\n<p style=\"text-align: center\"><strong>Figure 1: Schaltplan des Splitters<\/strong><\/p>\n<p>Die Splitterschaltung besteht aus einer Sinusf\u00f6rmige Eingangsspannung mit 20V Peak to Peak um Null zentriert, einer Frequenz von 2Kh und einem Null DC Offset, zwei Operationsverst\u00e4rker mit einer Spannungsversorgung von\u00a0 12V, die als Spannungsfolger arbeiten daher eine Verst\u00e4rkung von 1V, wobei der Ausgang des OPV mit dem invertierendem Eingang r\u00fcckgekoppelt ist. Bei den 2 Operationsverst\u00e4rker haben wir die Versorgungsspannung mit jeweils einem Kondensator von 0.1\u03bcF gekoppelt, damit der OPV stabilisiert wird. Danach haben wir eine Transientanalyse durchgef\u00fchrt mit Stoptime 0.1s. Als Ausgang haben wir die Spannung an den Widerst\u00e4nden R1 und R2 gemessen.<\/p>\n<p><img loading=\"lazy\" class=\"alignnone size-large wp-image-83\" src=\"http:\/\/service.projektlabor.tu-berlin.de\/wordpress\/ss2019mo\/wp-content\/uploads\/sites\/25\/2019\/06\/splitter2-1024x187.jpg\" alt=\"\" width=\"584\" height=\"107\" srcset=\"https:\/\/service.projektlabor.tu-berlin.de\/wordpress\/Synthaffaere\/wp-content\/uploads\/sites\/25\/2019\/06\/splitter2-1024x187.jpg 1024w, https:\/\/service.projektlabor.tu-berlin.de\/wordpress\/Synthaffaere\/wp-content\/uploads\/sites\/25\/2019\/06\/splitter2-300x55.jpg 300w, https:\/\/service.projektlabor.tu-berlin.de\/wordpress\/Synthaffaere\/wp-content\/uploads\/sites\/25\/2019\/06\/splitter2-768x140.jpg 768w, https:\/\/service.projektlabor.tu-berlin.de\/wordpress\/Synthaffaere\/wp-content\/uploads\/sites\/25\/2019\/06\/splitter2-500x91.jpg 500w, https:\/\/service.projektlabor.tu-berlin.de\/wordpress\/Synthaffaere\/wp-content\/uploads\/sites\/25\/2019\/06\/splitter2.jpg 1280w\" sizes=\"(max-width: 584px) 100vw, 584px\" \/><\/p>\n<p style=\"text-align: center\"><strong>Figure 2: Simulation des Splitters<\/strong><\/p>\n<div>Die Simulation in der Abbildung 2 mit Hilfe von LTspice zeigt, dass die Ausgangsspan-<\/div>\n<div>nungen UR1(V nc01) und UR2( V nc02) die gleiche Amplitude 10 V<\/div>\n<div>haben wie die Eingangsspannung(V n002) haben und somit ist die Aufgabe des Splitters erf\u00fcllt,wobei die Ausg\u00e4nge eine genaue Kopie der Eing\u00e4nge darstellen.<\/div>\n<div>Wir haben die Ltspice Schaltung in einem Steckbrett nachgebaut. Dabeihaben wir folgende<\/div>\n<div>Bauelemente verwendet:<\/div>\n<div>\u00a0 \u00a0 \u00a0 \u2022 2 Widerst\u00e4nde von 1\u2126 ein Widerstand von 220k\u2126<\/div>\n<div>\u00a0 \u00a0 \u00a0 \u2022 2 Keramikkondensatoren von 0.2 nF<\/div>\n<div>\u00a0 \u00a0 \u00a0 \u00a0\u2022 2 OPVs von TL071<\/div>\n<\/div>\n<div><\/div>\n<p><strong>Schaltung mit LTspice:<\/strong><br \/>\nDie Schatung des Splitters wurde mit Hilfe von Ltspice simuliert.<br \/>\nDie verwendeten Bauteile sind wie folgt:<\/p>\n<p><img loading=\"lazy\" class=\"size-full wp-image-364 aligncenter\" src=\"http:\/\/service.projektlabor.tu-berlin.de\/wordpress\/ss2019mo\/wp-content\/uploads\/sites\/25\/2019\/07\/10.png\" alt=\"\" width=\"701\" height=\"277\" srcset=\"https:\/\/service.projektlabor.tu-berlin.de\/wordpress\/Synthaffaere\/wp-content\/uploads\/sites\/25\/2019\/07\/10.png 701w, https:\/\/service.projektlabor.tu-berlin.de\/wordpress\/Synthaffaere\/wp-content\/uploads\/sites\/25\/2019\/07\/10-300x119.png 300w, https:\/\/service.projektlabor.tu-berlin.de\/wordpress\/Synthaffaere\/wp-content\/uploads\/sites\/25\/2019\/07\/10-500x198.png 500w\" sizes=\"(max-width: 701px) 100vw, 701px\" \/><\/p>\n<p>Die Eingangsspannung ist Sinusf\u00f6rmig mit einer Amplitude von 10V und einer Frequenz von 2KHz.<br \/>\nDie Splitterschaltung ist wie folgend:<\/p>\n<p><img loading=\"lazy\" class=\"alignnone size-large wp-image-365\" src=\"http:\/\/service.projektlabor.tu-berlin.de\/wordpress\/ss2019mo\/wp-content\/uploads\/sites\/25\/2019\/07\/splitter1-1024x654.jpg\" alt=\"\" width=\"584\" height=\"373\" srcset=\"https:\/\/service.projektlabor.tu-berlin.de\/wordpress\/Synthaffaere\/wp-content\/uploads\/sites\/25\/2019\/07\/splitter1-1024x654.jpg 1024w, https:\/\/service.projektlabor.tu-berlin.de\/wordpress\/Synthaffaere\/wp-content\/uploads\/sites\/25\/2019\/07\/splitter1-300x192.jpg 300w, https:\/\/service.projektlabor.tu-berlin.de\/wordpress\/Synthaffaere\/wp-content\/uploads\/sites\/25\/2019\/07\/splitter1-768x490.jpg 768w, https:\/\/service.projektlabor.tu-berlin.de\/wordpress\/Synthaffaere\/wp-content\/uploads\/sites\/25\/2019\/07\/splitter1-470x300.jpg 470w, https:\/\/service.projektlabor.tu-berlin.de\/wordpress\/Synthaffaere\/wp-content\/uploads\/sites\/25\/2019\/07\/splitter1.jpg 1115w\" sizes=\"(max-width: 584px) 100vw, 584px\" \/><\/p>\n<p>Wir haben danach eine Transienten Analyse durchgef\u00fchrt.<br \/>\nDie simulierten Verl\u00e4ufe sind wie folgt:<\/p>\n<p><img loading=\"lazy\" class=\"alignnone size-large wp-image-366\" src=\"http:\/\/service.projektlabor.tu-berlin.de\/wordpress\/ss2019mo\/wp-content\/uploads\/sites\/25\/2019\/07\/splitter2-1024x187.jpg\" alt=\"\" width=\"584\" height=\"107\" srcset=\"https:\/\/service.projektlabor.tu-berlin.de\/wordpress\/Synthaffaere\/wp-content\/uploads\/sites\/25\/2019\/07\/splitter2-1024x187.jpg 1024w, https:\/\/service.projektlabor.tu-berlin.de\/wordpress\/Synthaffaere\/wp-content\/uploads\/sites\/25\/2019\/07\/splitter2-300x55.jpg 300w, https:\/\/service.projektlabor.tu-berlin.de\/wordpress\/Synthaffaere\/wp-content\/uploads\/sites\/25\/2019\/07\/splitter2-768x140.jpg 768w, https:\/\/service.projektlabor.tu-berlin.de\/wordpress\/Synthaffaere\/wp-content\/uploads\/sites\/25\/2019\/07\/splitter2-500x91.jpg 500w, https:\/\/service.projektlabor.tu-berlin.de\/wordpress\/Synthaffaere\/wp-content\/uploads\/sites\/25\/2019\/07\/splitter2.jpg 1280w\" sizes=\"(max-width: 584px) 100vw, 584px\" \/><\/p>\n<h1 style=\"text-align: center\"><strong>Figure 4: Simulation des Splitters<\/strong><\/h1>\n<p>Wobei (Vn002)die simulierte Eingangsspannung entspricht:<br \/>\n(Vn 02)bzw (Vn 01)entsprechen die Ausgangsspannungen UR1 bzw<br \/>\nNachdem wir die Schaltung in Ltspice simuliert haben, haben wir die Schaltung auf dem Steckbrett gebaut.<br \/>\nDie aufgebaute Schaltung ist in der folgenden Abbildung zu sehen:<\/p>\n<p><strong>Funktionsweise:<\/strong><br \/>\nDas Prinzip dieser Schaltung beruht auf dem Verteilen eines Audiosignals auf 2 Ausgangssignale mit der gleichen Amplitude des eingespeisten Signals. Wir haben als Eingang eine Sinusf\u00f6rmige Spannung mit 10 V Amplitude,dann haben wir 2 Operationssverst\u00e4rker verwendet, die als Spannungssfolger arbeiten mit 12V<br \/>\nSteuerspannung und einem Kondensator von 0.1mF, um die zu stabilisieren.Schlie\u00dflich haben wir am Ausgang 2 Widerst\u00e4nde in Reihe verschaltet mit den Operationssverst\u00e4rkern. Zu betrachten sind die Verl\u00e4ufe des Eingangssignals sowie des Ausgangssignale(UR1 bzw UR2).<\/p>\n<p><img loading=\"lazy\" class=\"alignnone size-large wp-image-385\" src=\"http:\/\/service.projektlabor.tu-berlin.de\/wordpress\/ss2019mo\/wp-content\/uploads\/sites\/25\/2019\/07\/splitter3-897x1024.jpg\" alt=\"\" width=\"584\" height=\"667\" srcset=\"https:\/\/service.projektlabor.tu-berlin.de\/wordpress\/Synthaffaere\/wp-content\/uploads\/sites\/25\/2019\/07\/splitter3-897x1024.jpg 897w, https:\/\/service.projektlabor.tu-berlin.de\/wordpress\/Synthaffaere\/wp-content\/uploads\/sites\/25\/2019\/07\/splitter3-263x300.jpg 263w, https:\/\/service.projektlabor.tu-berlin.de\/wordpress\/Synthaffaere\/wp-content\/uploads\/sites\/25\/2019\/07\/splitter3-768x877.jpg 768w, https:\/\/service.projektlabor.tu-berlin.de\/wordpress\/Synthaffaere\/wp-content\/uploads\/sites\/25\/2019\/07\/splitter3.jpg 955w\" sizes=\"(max-width: 584px) 100vw, 584px\" \/><\/p>\n<h1 style=\"text-align: center\"><strong>Figure 5: Splitterschaltung auf dem Steckbret<\/strong><\/h1>\n<h1><strong>EAGLE Schaltplan:<\/strong><\/h1>\n<p>Wir haben als N\u00e4chstes die Schaltung mithilfe von Eagle aufgebaut.<br \/>\nDer Schaltplan sieht wie folgend aus:<\/p>\n<p><img loading=\"lazy\" class=\"alignnone size-large wp-image-368\" src=\"http:\/\/service.projektlabor.tu-berlin.de\/wordpress\/ss2019mo\/wp-content\/uploads\/sites\/25\/2019\/07\/splitter4-1024x902.png\" alt=\"\" width=\"584\" height=\"514\" srcset=\"https:\/\/service.projektlabor.tu-berlin.de\/wordpress\/Synthaffaere\/wp-content\/uploads\/sites\/25\/2019\/07\/splitter4-1024x902.png 1024w, https:\/\/service.projektlabor.tu-berlin.de\/wordpress\/Synthaffaere\/wp-content\/uploads\/sites\/25\/2019\/07\/splitter4-300x264.png 300w, https:\/\/service.projektlabor.tu-berlin.de\/wordpress\/Synthaffaere\/wp-content\/uploads\/sites\/25\/2019\/07\/splitter4-768x677.png 768w, https:\/\/service.projektlabor.tu-berlin.de\/wordpress\/Synthaffaere\/wp-content\/uploads\/sites\/25\/2019\/07\/splitter4-341x300.png 341w, https:\/\/service.projektlabor.tu-berlin.de\/wordpress\/Synthaffaere\/wp-content\/uploads\/sites\/25\/2019\/07\/splitter4.png 2048w\" sizes=\"(max-width: 584px) 100vw, 584px\" \/><\/p>\n<h1 style=\"text-align: center\"><strong>Figure 6: Splitterschaltung Eagle-Schematic<\/strong><\/h1>\n<div>F\u00fcr die Schaltung wurden folgende Bauteile verwendet:<\/div>\n<div>\u20222 Operationssverst \u0308arker TL072P.<\/div>\n<div>\u20221 Kondensator von 0.1\u03bcF.<\/div>\n<div>\u20221 conn\u221204 statt 3 Klinker damit wir nicht viele Kabeln verwenden.<\/div>\n<div>\u20221 con Harting ML 10 f\u00fcr die Stromversorgung.<\/div>\n<div>\u20222 Ausgangsswiderst\u00e4nde R1,R4 mit jeweils 1k\u2126<\/div>\n<div>\u20221 Eingangsswiderstand R5 mit 220k\u2126<\/div>\n<div>Bei der Stromversorgung (con Molex) waren die Anschl\u00fcsse wie folgt :<\/div>\n<div>\u2022Die Anschl\u00fcsse 9 und 10 sowie 3 und 4 miteinander verbunden.<\/div>\n<div>\u2022Die Anschl\u00fcsse 7 und 8 mit \u221212 V angeschlossen.<\/div>\n<div>\u2022Die Anschl\u00fcsse 6-5 mit GND.<\/div>\n<div>\u2022Die Anschl\u00fcsse 1 und 2 mit +12V angeschlossen.<\/div>\n<div><\/div>\n<h1><strong>EAGLE Layout:<\/strong><\/h1>\n<div>Wir haben danach die das Schaltplan im Eagle Board aufgebaut.<br \/>\nWir haben die Electric Rule Check (ERC)durchgef\u00fchrt um alle Fehler zu behandeln, und auf alle Einstellungen aufgepasst:<br \/>\n\u2022Raster auf 1.27 mm<br \/>\n\u2022 Alt auf 0.635mm<br \/>\n\u2022 Knickmodus 1<br \/>\n\u2022Breite auf 0.8 mm<br \/>\n\u2022\u00a0VIA auf Achteck<br \/>\n\u2022\u00a0Bohrung auf 0.9<br \/>\n\u2022\u00a0VIA Diameter auf 1.5mm<br \/>\nDie Board Schaltung sieht wie folgend aus:<\/div>\n<p><img loading=\"lazy\" class=\"alignnone size-full wp-image-369\" src=\"http:\/\/service.projektlabor.tu-berlin.de\/wordpress\/ss2019mo\/wp-content\/uploads\/sites\/25\/2019\/07\/splitter5.png\" alt=\"\" width=\"606\" height=\"680\" srcset=\"https:\/\/service.projektlabor.tu-berlin.de\/wordpress\/Synthaffaere\/wp-content\/uploads\/sites\/25\/2019\/07\/splitter5.png 606w, https:\/\/service.projektlabor.tu-berlin.de\/wordpress\/Synthaffaere\/wp-content\/uploads\/sites\/25\/2019\/07\/splitter5-267x300.png 267w\" sizes=\"(max-width: 606px) 100vw, 606px\" \/><\/p>\n<h1 style=\"text-align: center\">Figure 7: Splitterschaltung Eagle-Board<\/h1>\n<p><strong>Platine und Auswertung:<\/strong><br \/>\nDie Platine war leider zu klein, und wurde deswegen mit der White Noise Schaltung verbunden . Daher gibt es einen neuen Schaltplan Eagleboard:<\/p>\n<p><img loading=\"lazy\" class=\"alignnone size-full wp-image-370\" src=\"http:\/\/service.projektlabor.tu-berlin.de\/wordpress\/ss2019mo\/wp-content\/uploads\/sites\/25\/2019\/07\/11.png\" alt=\"\" width=\"493\" height=\"361\" srcset=\"https:\/\/service.projektlabor.tu-berlin.de\/wordpress\/Synthaffaere\/wp-content\/uploads\/sites\/25\/2019\/07\/11.png 493w, https:\/\/service.projektlabor.tu-berlin.de\/wordpress\/Synthaffaere\/wp-content\/uploads\/sites\/25\/2019\/07\/11-300x220.png 300w, https:\/\/service.projektlabor.tu-berlin.de\/wordpress\/Synthaffaere\/wp-content\/uploads\/sites\/25\/2019\/07\/11-410x300.png 410w\" sizes=\"(max-width: 493px) 100vw, 493px\" \/><\/p>\n<\/div>\n<div><\/div>\n","protected":false},"excerpt":{"rendered":"<p>Ein Splitter bedeutet w\u00f6rtlich Aufteiler. Der Splitter ist eine Komponente einer \u201dDSLAnlage\u201d, welche die gemischten Signale von Telefon (Sprachfrequenz) und Internetanschluss (Hochfrequenz) in diesen beiden Bestandteile zerlegt und auch wieder zusammenf\u00fchrt. Die Funktionsweise des Splitters ist grob vergleichbar mit einer &hellip; <a href=\"https:\/\/service.projektlabor.tu-berlin.de\/wordpress\/Synthaffaere\/filter-plus\/splitter\/\">Weiterlesen <span class=\"meta-nav\">&rarr;<\/span><\/a><\/p>\n","protected":false},"author":90,"featured_media":17,"parent":10,"menu_order":0,"comment_status":"closed","ping_status":"closed","template":"","meta":[],"_links":{"self":[{"href":"https:\/\/service.projektlabor.tu-berlin.de\/wordpress\/Synthaffaere\/wp-json\/wp\/v2\/pages\/119"}],"collection":[{"href":"https:\/\/service.projektlabor.tu-berlin.de\/wordpress\/Synthaffaere\/wp-json\/wp\/v2\/pages"}],"about":[{"href":"https:\/\/service.projektlabor.tu-berlin.de\/wordpress\/Synthaffaere\/wp-json\/wp\/v2\/types\/page"}],"author":[{"embeddable":true,"href":"https:\/\/service.projektlabor.tu-berlin.de\/wordpress\/Synthaffaere\/wp-json\/wp\/v2\/users\/90"}],"replies":[{"embeddable":true,"href":"https:\/\/service.projektlabor.tu-berlin.de\/wordpress\/Synthaffaere\/wp-json\/wp\/v2\/comments?post=119"}],"version-history":[{"count":7,"href":"https:\/\/service.projektlabor.tu-berlin.de\/wordpress\/Synthaffaere\/wp-json\/wp\/v2\/pages\/119\/revisions"}],"predecessor-version":[{"id":386,"href":"https:\/\/service.projektlabor.tu-berlin.de\/wordpress\/Synthaffaere\/wp-json\/wp\/v2\/pages\/119\/revisions\/386"}],"up":[{"embeddable":true,"href":"https:\/\/service.projektlabor.tu-berlin.de\/wordpress\/Synthaffaere\/wp-json\/wp\/v2\/pages\/10"}],"wp:featuredmedia":[{"embeddable":true,"href":"https:\/\/service.projektlabor.tu-berlin.de\/wordpress\/Synthaffaere\/wp-json\/wp\/v2\/media\/17"}],"wp:attachment":[{"href":"https:\/\/service.projektlabor.tu-berlin.de\/wordpress\/Synthaffaere\/wp-json\/wp\/v2\/media?parent=119"}],"curies":[{"name":"wp","href":"https:\/\/api.w.org\/{rel}","templated":true}]}}