{"id":112,"date":"2019-06-07T18:17:18","date_gmt":"2019-06-07T16:17:18","guid":{"rendered":"http:\/\/service.projektlabor.tu-berlin.de\/wordpress\/ss2019mo\/?page_id=112"},"modified":"2019-07-11T23:39:28","modified_gmt":"2019-07-11T21:39:28","slug":"steiner-parker-filter","status":"publish","type":"page","link":"https:\/\/service.projektlabor.tu-berlin.de\/wordpress\/Synthaffaere\/filter-plus\/steiner-parker-filter\/","title":{"rendered":"Steiner Parker Filter\u00a0"},"content":{"rendered":"<div>\n<p><strong>Filter:<\/strong><br \/>\nF\u00fcr das Projeklabor im Sommersemester 2019 wurde im Rahmen des Projektes<br \/>\n&#8222;Synthaff\u00e4re&#8220; ein Spannungsgesteuertes Multimode-Filter realisiert. Es<br \/>\nbasiert stark auf einem Entwurf von Nyle Steiner, welcher 1974 in der Zeitschrift &#8222;Electronic Design&#8220; ver\u00f6ffentlicht wurde. Im Kern handelt es sich um eine<br \/>\nSallen-Key-Architektur mit 12 dB\/Oktave Flankensteilheit, bei der das Eingangssignal \u00fcber einen Schalter verschiedenen Punkten der Schaltung zugef\u00fchrt<br \/>\nwerden kann, um so Tiefpass-, Hochpass-, Bandpass- oder Allpasscharakteristik<br \/>\nzu erzeugen. \u00dcber Potentiometer lassen sich sowohl Cutoff, Lautst\u00e4rke,<br \/>\nSteuerspannunglevel sowie G\u00fctefaktor &#8222;Q&#8220; des Filters einstellen. Letzteres<br \/>\nsogar bis in den Bereich der Selbstoszillation. Es stehen zudem zwei Klinkenbuchsen als Eingang f\u00fcr Steuerspannungen, sowie je eine Buchse f\u00fcr Audio-<br \/>\nEin- und Ausgang zur Verf\u00fcgung. Das zugeh\u00f6rige Schaltbild l\u00e4sst sich Abbildung\u00a0 auf der letzten Seite dieses Teils entnehmen. Die resistiven<br \/>\nElemente der Sallen-Key-Schaltung, welche die Einstellung der Grenzfrequenz<br \/>\nerm\u00f6glichen wurden hier durch ein Diodennetzwerk ersetzt. Diese ver\u00e4ndern bei<br \/>\nunterschiedlicher Spannung, welche in Vorw\u00e4rtsrichtung angelegt wird, ihren<br \/>\nWiderstand. Ein differenzielles Transistorpaar sorgt durch Phasenausl\u00f6schung<br \/>\nmit dem RC-Diodennetzwerk daf\u00fcr, dass die Steuerspannung der Grezfrequenzregelung nicht am Ausgang des Filters anliegt. Insgesamt l\u00e4sst sich der Cutoff \u00fcber den gesamten h\u00f6rbaren Frequenzbereich von 20 Hz bis 20 kHz einstellen.<\/p>\n<div>\n<p>F\u00fcr die Umsetzung im diesj\u00e4hrigen Projektlabor wurde das originale Design um einen zweiten Signaleingang erweitert. Auf die umsetzung eines Volt-Pro-Oktave-Eingangs im Sinne des Eurorack-Standards wurde verzichtet. Da Es sich um eine Schaltung handelt, welche auf eine bipolare Spannungsversorgung mit 12 V ausgelegt wurde, und die verwendeten Spannungslevel dem Standard des Projektlabors entsprechen, mussten keine weiteren Anpassungen vorgenommen werden.<\/p>\n<\/div>\n<p><strong>Konstruktion und Entwurf:<\/strong><br \/>\nDa nur wenige Bauteile des von Yves Usson \u00fcberarbeiteten Schaltungsentwurfs[1]<br \/>\nf\u00fcr das Filter angepasst werden mussten, verlief der Entwurf des CAD-Layouts<br \/>\nin EAGLE durchweg problemfrei. Die gesamte Schaltung wurde auf einer einseitig<br \/>\nbest\u00fcckten Platine, auf welcher insgesamt 66 Bauteile verbaut wurden,<br \/>\nrealisiert. Diese sind der folgenden Tabelle zu entnehmen.<\/p>\n<\/div>\n<p>&nbsp;<\/p>\n<p><img loading=\"lazy\" class=\"size-full wp-image-344 aligncenter\" src=\"http:\/\/service.projektlabor.tu-berlin.de\/wordpress\/ss2019mo\/wp-content\/uploads\/sites\/25\/2019\/07\/p2.png\" alt=\"\" width=\"307\" height=\"818\" srcset=\"https:\/\/service.projektlabor.tu-berlin.de\/wordpress\/Synthaffaere\/wp-content\/uploads\/sites\/25\/2019\/07\/p2.png 307w, https:\/\/service.projektlabor.tu-berlin.de\/wordpress\/Synthaffaere\/wp-content\/uploads\/sites\/25\/2019\/07\/p2-113x300.png 113w\" sizes=\"(max-width: 307px) 100vw, 307px\" \/><\/p>\n<p><img loading=\"lazy\" class=\"size-full wp-image-345 aligncenter\" src=\"http:\/\/service.projektlabor.tu-berlin.de\/wordpress\/ss2019mo\/wp-content\/uploads\/sites\/25\/2019\/07\/p33.png\" alt=\"\" width=\"274\" height=\"754\" srcset=\"https:\/\/service.projektlabor.tu-berlin.de\/wordpress\/Synthaffaere\/wp-content\/uploads\/sites\/25\/2019\/07\/p33.png 274w, https:\/\/service.projektlabor.tu-berlin.de\/wordpress\/Synthaffaere\/wp-content\/uploads\/sites\/25\/2019\/07\/p33-109x300.png 109w\" sizes=\"(max-width: 274px) 100vw, 274px\" \/><\/p>\n<p>Auch die Best\u00fcckung lief weitestgehend problemlos. Lediglich ein Kurzschluss,<br \/>\nwelcher durch nicht vollst\u00e4ndige \u00c4tzung der Leiterbahnen entstanden sein kann,<br \/>\nmusste behoben werden. Bilder von Ober- und Unterseite der best\u00fcckten Leiterplatte im Euroformat, sowie das EAGLE-Layout der Platine sind den folgenden Abbildungen 47-49 zu entnehmen. Alle verwendeten Potentiometer, Buchsen und Schalter wurden \u00fcber Kabel &#8222;fiegend&#8220; mit der Platine verbunden und erm\u00f6glichen so den Einbau in das Geh\u00e4use ohne eine designierte Interfaceplatine.<\/p>\n<p><img loading=\"lazy\" class=\"alignnone size-large wp-image-347\" src=\"http:\/\/service.projektlabor.tu-berlin.de\/wordpress\/ss2019mo\/wp-content\/uploads\/sites\/25\/2019\/07\/steiner1-1024x768.jpg\" alt=\"\" width=\"584\" height=\"438\" srcset=\"https:\/\/service.projektlabor.tu-berlin.de\/wordpress\/Synthaffaere\/wp-content\/uploads\/sites\/25\/2019\/07\/steiner1-1024x768.jpg 1024w, https:\/\/service.projektlabor.tu-berlin.de\/wordpress\/Synthaffaere\/wp-content\/uploads\/sites\/25\/2019\/07\/steiner1-300x225.jpg 300w, https:\/\/service.projektlabor.tu-berlin.de\/wordpress\/Synthaffaere\/wp-content\/uploads\/sites\/25\/2019\/07\/steiner1-768x576.jpg 768w, https:\/\/service.projektlabor.tu-berlin.de\/wordpress\/Synthaffaere\/wp-content\/uploads\/sites\/25\/2019\/07\/steiner1-400x300.jpg 400w, https:\/\/service.projektlabor.tu-berlin.de\/wordpress\/Synthaffaere\/wp-content\/uploads\/sites\/25\/2019\/07\/steiner1.jpg 1280w\" sizes=\"(max-width: 584px) 100vw, 584px\" \/><\/p>\n<h1 style=\"text-align: center\"><strong>\u00a0 \u00a0 Figure47:Oberseite Platine<\/strong><\/h1>\n<p>&nbsp;<\/p>\n<p><img loading=\"lazy\" class=\"alignnone size-large wp-image-348\" src=\"http:\/\/service.projektlabor.tu-berlin.de\/wordpress\/ss2019mo\/wp-content\/uploads\/sites\/25\/2019\/07\/steiner2-1024x768.jpg\" alt=\"\" width=\"584\" height=\"438\" srcset=\"https:\/\/service.projektlabor.tu-berlin.de\/wordpress\/Synthaffaere\/wp-content\/uploads\/sites\/25\/2019\/07\/steiner2-1024x768.jpg 1024w, https:\/\/service.projektlabor.tu-berlin.de\/wordpress\/Synthaffaere\/wp-content\/uploads\/sites\/25\/2019\/07\/steiner2-300x225.jpg 300w, https:\/\/service.projektlabor.tu-berlin.de\/wordpress\/Synthaffaere\/wp-content\/uploads\/sites\/25\/2019\/07\/steiner2-768x576.jpg 768w, https:\/\/service.projektlabor.tu-berlin.de\/wordpress\/Synthaffaere\/wp-content\/uploads\/sites\/25\/2019\/07\/steiner2-400x300.jpg 400w, https:\/\/service.projektlabor.tu-berlin.de\/wordpress\/Synthaffaere\/wp-content\/uploads\/sites\/25\/2019\/07\/steiner2.jpg 1280w\" sizes=\"(max-width: 584px) 100vw, 584px\" \/><\/p>\n<h1 style=\"text-align: center\"><strong>Figure48:Unerseite Platine<\/strong><\/h1>\n<p>&nbsp;<\/p>\n<p><img loading=\"lazy\" class=\"alignnone size-large wp-image-349\" src=\"http:\/\/service.projektlabor.tu-berlin.de\/wordpress\/ss2019mo\/wp-content\/uploads\/sites\/25\/2019\/07\/steiner3-1024x704.png\" alt=\"\" width=\"584\" height=\"402\" srcset=\"https:\/\/service.projektlabor.tu-berlin.de\/wordpress\/Synthaffaere\/wp-content\/uploads\/sites\/25\/2019\/07\/steiner3-1024x704.png 1024w, https:\/\/service.projektlabor.tu-berlin.de\/wordpress\/Synthaffaere\/wp-content\/uploads\/sites\/25\/2019\/07\/steiner3-300x206.png 300w, https:\/\/service.projektlabor.tu-berlin.de\/wordpress\/Synthaffaere\/wp-content\/uploads\/sites\/25\/2019\/07\/steiner3-768x528.png 768w, https:\/\/service.projektlabor.tu-berlin.de\/wordpress\/Synthaffaere\/wp-content\/uploads\/sites\/25\/2019\/07\/steiner3-436x300.png 436w, https:\/\/service.projektlabor.tu-berlin.de\/wordpress\/Synthaffaere\/wp-content\/uploads\/sites\/25\/2019\/07\/steiner3.png 1086w\" sizes=\"(max-width: 584px) 100vw, 584px\" \/><\/p>\n<h1 style=\"text-align: center\"><strong>Figure49:EAGLE-Layout<\/strong><\/h1>\n<h1><strong>Test der Schaltung:<\/strong><\/h1>\n<p>Im Anschluss an den Aufbau der Schaltung wurden einige Tests durchgef\u00fchrt um die Funktionalit\u00e4t des Filters zu \u00fcberpr\u00fcfen. Da ausgiebige Untersuchungen zum Verhalten der Schaltung, so wie beispielsweise Analysen von Leistung, Verzerrung, Phasengang etc. den Rahmen des Labors \u00fcbersteigen w\u00fcrden, wurde lediglich auf grundlegende Funktionalit\u00e4t im Sinne eines Moduls von einem Synthesizer zur experimentellen Klangerzeugung getestet. \u00dcber Funktionsgeneratoren wurden hierf\u00fcr Audio- und CV-Eing\u00e4nge beschaltet, der Ausgang auf einem Oszilloskop dargestellt und schliesslich mit dem Eingangssignal verglichen. Zudem wurde die Schaltung auch mit einem Lautsprecher am Ausgang verschaltet und ein reiner H\u00f6rtest wurde durchgef\u00fchrt. Die Abbildungen 25-27 zeigen einige der Ergebnisse der durchgef\u00fchrten Messungen. In Abbildung 25 ist in blau dargestellt ein rechteckf\u00f6rmiges Eingangssignal und in gelb das zugeh\u00f6rige Ausgangssignal bei vollst\u00e4ndig ge\u00f6ffnetem Cutoff. Die Wellenformen gleichen sich fast perfekt. Lediglich eine leichte Verzerrung macht sich bemerkbar. Dieses verhalten ist, jedoch eine gew\u00fcnschte Charakteristik des Steiner-Parker-Filters.<br \/>\nWird das Filter als Tiefpass konfiguriert und der Cutoff ein wenig zugedreht,<br \/>\nso ergibt sich das in Abbildung 52 zu sehende Ausgangssignal. Es gleicht<br \/>\nsich bei fallender Grenzfrequenz immer mehr einem sinusf\u00f6rmigen Signal von<br \/>\nder Grundfrequenz des Eingangs an. Dies deckt sich mit dem durchgef\u00fchrten H\u00f6rtest und best\u00e4tigt das Tiefpassverhalten.<\/p>\n<p><img loading=\"lazy\" class=\"alignnone size-large wp-image-350\" src=\"http:\/\/service.projektlabor.tu-berlin.de\/wordpress\/ss2019mo\/wp-content\/uploads\/sites\/25\/2019\/07\/steiner4-1024x767.jpg\" alt=\"\" width=\"584\" height=\"437\" srcset=\"https:\/\/service.projektlabor.tu-berlin.de\/wordpress\/Synthaffaere\/wp-content\/uploads\/sites\/25\/2019\/07\/steiner4-1024x767.jpg 1024w, https:\/\/service.projektlabor.tu-berlin.de\/wordpress\/Synthaffaere\/wp-content\/uploads\/sites\/25\/2019\/07\/steiner4-300x225.jpg 300w, https:\/\/service.projektlabor.tu-berlin.de\/wordpress\/Synthaffaere\/wp-content\/uploads\/sites\/25\/2019\/07\/steiner4-768x575.jpg 768w, https:\/\/service.projektlabor.tu-berlin.de\/wordpress\/Synthaffaere\/wp-content\/uploads\/sites\/25\/2019\/07\/steiner4-400x300.jpg 400w, https:\/\/service.projektlabor.tu-berlin.de\/wordpress\/Synthaffaere\/wp-content\/uploads\/sites\/25\/2019\/07\/steiner4.jpg 1280w\" sizes=\"(max-width: 584px) 100vw, 584px\" \/><\/p>\n<h1 style=\"text-align: center\"><strong>Figure50:Filter offen<\/strong><\/h1>\n<p><img loading=\"lazy\" class=\"alignnone size-large wp-image-351\" src=\"http:\/\/service.projektlabor.tu-berlin.de\/wordpress\/ss2019mo\/wp-content\/uploads\/sites\/25\/2019\/07\/steiner5-1024x763.jpg\" alt=\"\" width=\"584\" height=\"435\" srcset=\"https:\/\/service.projektlabor.tu-berlin.de\/wordpress\/Synthaffaere\/wp-content\/uploads\/sites\/25\/2019\/07\/steiner5-1024x763.jpg 1024w, https:\/\/service.projektlabor.tu-berlin.de\/wordpress\/Synthaffaere\/wp-content\/uploads\/sites\/25\/2019\/07\/steiner5-300x224.jpg 300w, https:\/\/service.projektlabor.tu-berlin.de\/wordpress\/Synthaffaere\/wp-content\/uploads\/sites\/25\/2019\/07\/steiner5-768x572.jpg 768w, https:\/\/service.projektlabor.tu-berlin.de\/wordpress\/Synthaffaere\/wp-content\/uploads\/sites\/25\/2019\/07\/steiner5-403x300.jpg 403w, https:\/\/service.projektlabor.tu-berlin.de\/wordpress\/Synthaffaere\/wp-content\/uploads\/sites\/25\/2019\/07\/steiner5.jpg 1280w\" sizes=\"(max-width: 584px) 100vw, 584px\" \/><\/p>\n<h1 style=\"text-align: center\"><strong>Figure51:Tiefpass<\/strong><\/h1>\n<p>\u00dcber das Resonanzpotentiometer l\u00e4sst sich der G\u00fctefaktor so weit erh\u00f6hen,<br \/>\ndass das Filter in Selbstoszillation ger\u00e4t. Die Frequenz dieser Eigenschwingun<br \/>\nl\u00e4sst sich wie vermutet \u00fcber den Cutoff-Regler beziehungsweise die CV-Inputs<br \/>\nsteuern. Dies kann ausgenutz werden um das Filter als sehr simplen Oszillator zu<br \/>\nkonfigurieren. Bei genauer Kalibrierung der Schaltung \u00fcber Trimmpotentiometer<br \/>\nauf der Platine l\u00e4sst sich sogar genaues 1V\/Oktave-Tracking \u00fcber mehrere Oktaven erzielen. In Abbildung 52 ist dieses Verhalten zu erkennen.<\/p>\n<p><img loading=\"lazy\" class=\"alignnone size-large wp-image-353\" src=\"http:\/\/service.projektlabor.tu-berlin.de\/wordpress\/ss2019mo\/wp-content\/uploads\/sites\/25\/2019\/07\/steiner6-1024x764.jpg\" alt=\"\" width=\"584\" height=\"436\" srcset=\"https:\/\/service.projektlabor.tu-berlin.de\/wordpress\/Synthaffaere\/wp-content\/uploads\/sites\/25\/2019\/07\/steiner6-1024x764.jpg 1024w, https:\/\/service.projektlabor.tu-berlin.de\/wordpress\/Synthaffaere\/wp-content\/uploads\/sites\/25\/2019\/07\/steiner6-300x224.jpg 300w, https:\/\/service.projektlabor.tu-berlin.de\/wordpress\/Synthaffaere\/wp-content\/uploads\/sites\/25\/2019\/07\/steiner6-768x573.jpg 768w, https:\/\/service.projektlabor.tu-berlin.de\/wordpress\/Synthaffaere\/wp-content\/uploads\/sites\/25\/2019\/07\/steiner6-402x300.jpg 402w, https:\/\/service.projektlabor.tu-berlin.de\/wordpress\/Synthaffaere\/wp-content\/uploads\/sites\/25\/2019\/07\/steiner6.jpg 1280w\" sizes=\"(max-width: 584px) 100vw, 584px\" \/><\/p>\n<h1 style=\"text-align: center\"><strong>Figure 52: Filter in Selbstoszillation<\/strong><\/h1>\n<p>Zuletzt wurde das Filter mit einem Signal am CV-Eingang verschaltet um so die Spannungssteuerung zu \u00fcberpr\u00fcfen. Der resultierende Ausgang ist Abbildung 53 zu entnehmen. Auch hier entsprechen die Messergebnisse denen des H\u00f6rtests.<\/p>\n<p><img loading=\"lazy\" class=\"alignnone size-large wp-image-354\" src=\"http:\/\/service.projektlabor.tu-berlin.de\/wordpress\/ss2019mo\/wp-content\/uploads\/sites\/25\/2019\/07\/steiner7-1024x764.jpg\" alt=\"\" width=\"584\" height=\"436\" srcset=\"https:\/\/service.projektlabor.tu-berlin.de\/wordpress\/Synthaffaere\/wp-content\/uploads\/sites\/25\/2019\/07\/steiner7-1024x764.jpg 1024w, https:\/\/service.projektlabor.tu-berlin.de\/wordpress\/Synthaffaere\/wp-content\/uploads\/sites\/25\/2019\/07\/steiner7-300x224.jpg 300w, https:\/\/service.projektlabor.tu-berlin.de\/wordpress\/Synthaffaere\/wp-content\/uploads\/sites\/25\/2019\/07\/steiner7-768x573.jpg 768w, https:\/\/service.projektlabor.tu-berlin.de\/wordpress\/Synthaffaere\/wp-content\/uploads\/sites\/25\/2019\/07\/steiner7-402x300.jpg 402w, https:\/\/service.projektlabor.tu-berlin.de\/wordpress\/Synthaffaere\/wp-content\/uploads\/sites\/25\/2019\/07\/steiner7.jpg 1280w\" sizes=\"(max-width: 584px) 100vw, 584px\" \/><\/p>\n<h1 style=\"text-align: center\"><strong>Figure 53: Filter mit Steuerspannung am Eingang<\/strong><\/h1>\n<p><strong>Konklusion:<\/strong><\/p>\n<p>Der gesamte Prozess, von Entwurf des CAD-Layouts bis zum Aufbau der Schaltung,<br \/>\nverlief fast vollkommen problemfrei. Die Schaltung funktioniert genau wie<br \/>\nerwartet, und wurde im Rahmen des Zeitplans fertiggestellt. Insgesamt l\u00e4sst sich<br \/>\nsagen, dass das gesamte Projekt erfolgreich durchgef\u00fchrt werden konnte.<\/p>\n<p><img loading=\"lazy\" class=\"alignnone size-large wp-image-355\" src=\"http:\/\/service.projektlabor.tu-berlin.de\/wordpress\/ss2019mo\/wp-content\/uploads\/sites\/25\/2019\/07\/pro4-1024x554.png\" alt=\"\" width=\"584\" height=\"316\" srcset=\"https:\/\/service.projektlabor.tu-berlin.de\/wordpress\/Synthaffaere\/wp-content\/uploads\/sites\/25\/2019\/07\/pro4-1024x554.png 1024w, https:\/\/service.projektlabor.tu-berlin.de\/wordpress\/Synthaffaere\/wp-content\/uploads\/sites\/25\/2019\/07\/pro4-300x162.png 300w, https:\/\/service.projektlabor.tu-berlin.de\/wordpress\/Synthaffaere\/wp-content\/uploads\/sites\/25\/2019\/07\/pro4-768x416.png 768w, https:\/\/service.projektlabor.tu-berlin.de\/wordpress\/Synthaffaere\/wp-content\/uploads\/sites\/25\/2019\/07\/pro4-500x271.png 500w, https:\/\/service.projektlabor.tu-berlin.de\/wordpress\/Synthaffaere\/wp-content\/uploads\/sites\/25\/2019\/07\/pro4.png 1386w\" sizes=\"(max-width: 584px) 100vw, 584px\" \/><\/p>\n<h1 style=\"text-align: center\"><strong>Figure 54: Schaltplan<\/strong><\/h1>\n<div>\n<p>&nbsp;<\/p>\n<\/div>\n<p style=\"text-align: center\">\n","protected":false},"excerpt":{"rendered":"<p>Filter: F\u00fcr das Projeklabor im Sommersemester 2019 wurde im Rahmen des Projektes &#8222;Synthaff\u00e4re&#8220; ein Spannungsgesteuertes Multimode-Filter realisiert. Es basiert stark auf einem Entwurf von Nyle Steiner, welcher 1974 in der Zeitschrift &#8222;Electronic Design&#8220; ver\u00f6ffentlicht wurde. Im Kern handelt es sich &hellip; <a href=\"https:\/\/service.projektlabor.tu-berlin.de\/wordpress\/Synthaffaere\/filter-plus\/steiner-parker-filter\/\">Weiterlesen <span class=\"meta-nav\">&rarr;<\/span><\/a><\/p>\n","protected":false},"author":90,"featured_media":17,"parent":10,"menu_order":0,"comment_status":"closed","ping_status":"closed","template":"","meta":[],"_links":{"self":[{"href":"https:\/\/service.projektlabor.tu-berlin.de\/wordpress\/Synthaffaere\/wp-json\/wp\/v2\/pages\/112"}],"collection":[{"href":"https:\/\/service.projektlabor.tu-berlin.de\/wordpress\/Synthaffaere\/wp-json\/wp\/v2\/pages"}],"about":[{"href":"https:\/\/service.projektlabor.tu-berlin.de\/wordpress\/Synthaffaere\/wp-json\/wp\/v2\/types\/page"}],"author":[{"embeddable":true,"href":"https:\/\/service.projektlabor.tu-berlin.de\/wordpress\/Synthaffaere\/wp-json\/wp\/v2\/users\/90"}],"replies":[{"embeddable":true,"href":"https:\/\/service.projektlabor.tu-berlin.de\/wordpress\/Synthaffaere\/wp-json\/wp\/v2\/comments?post=112"}],"version-history":[{"count":8,"href":"https:\/\/service.projektlabor.tu-berlin.de\/wordpress\/Synthaffaere\/wp-json\/wp\/v2\/pages\/112\/revisions"}],"predecessor-version":[{"id":383,"href":"https:\/\/service.projektlabor.tu-berlin.de\/wordpress\/Synthaffaere\/wp-json\/wp\/v2\/pages\/112\/revisions\/383"}],"up":[{"embeddable":true,"href":"https:\/\/service.projektlabor.tu-berlin.de\/wordpress\/Synthaffaere\/wp-json\/wp\/v2\/pages\/10"}],"wp:featuredmedia":[{"embeddable":true,"href":"https:\/\/service.projektlabor.tu-berlin.de\/wordpress\/Synthaffaere\/wp-json\/wp\/v2\/media\/17"}],"wp:attachment":[{"href":"https:\/\/service.projektlabor.tu-berlin.de\/wordpress\/Synthaffaere\/wp-json\/wp\/v2\/media?parent=112"}],"curies":[{"name":"wp","href":"https:\/\/api.w.org\/{rel}","templated":true}]}}