{"id":10,"date":"2019-05-23T11:57:58","date_gmt":"2019-05-23T09:57:58","guid":{"rendered":"http:\/\/service.projektlabor.tu-berlin.de\/wordpress\/ss2019mo\/?page_id=10"},"modified":"2019-06-07T19:11:17","modified_gmt":"2019-06-07T17:11:17","slug":"filter-plus","status":"publish","type":"page","link":"https:\/\/service.projektlabor.tu-berlin.de\/wordpress\/Synthaffaere\/filter-plus\/","title":{"rendered":"Filter plus"},"content":{"rendered":"<p>Die Gruppe &#8222;Filter Plus &#8220; besch\u00e4ftigt sich mit verschiedenen Effekte und Filter f\u00fcr den Synthesizer.<br \/>\nEs wurden insgesamt sechs Filter in drei Kleingruppen ausgesucht. Zun\u00e4chst wurden alle Schaltungen in der frei verf\u00fcgbaren Simulationssoftware LTspice nachgebaut und simuliert. Im Anschluss an den theoretischen Teil wurden die Schaltungen auf einem Steckbrett aufgebaut und durch das Oszilloskop gemessen. Zuletzt wurden die Ergebnisse mit der erwartete Ergebnisse aus LTspice verglichen.<br \/>\nEinzelne Filter werden nun beschrieben.<\/p>\n<p><img loading=\"lazy\" class=\"alignnone size-full wp-image-107\" src=\"http:\/\/service.projektlabor.tu-berlin.de\/wordpress\/ss2019mo\/wp-content\/uploads\/sites\/25\/2019\/06\/platinen.png\" alt=\"\" width=\"621\" height=\"829\" srcset=\"https:\/\/service.projektlabor.tu-berlin.de\/wordpress\/Synthaffaere\/wp-content\/uploads\/sites\/25\/2019\/06\/platinen.png 621w, https:\/\/service.projektlabor.tu-berlin.de\/wordpress\/Synthaffaere\/wp-content\/uploads\/sites\/25\/2019\/06\/platinen-225x300.png 225w\" sizes=\"(max-width: 621px) 100vw, 621px\" \/><\/p>\n<p>&nbsp;<\/p>\n<p>&nbsp;<\/p>\n","protected":false},"excerpt":{"rendered":"<p>Die Gruppe &#8222;Filter Plus &#8220; besch\u00e4ftigt sich mit verschiedenen Effekte und Filter f\u00fcr den Synthesizer. Es wurden insgesamt sechs Filter in drei Kleingruppen ausgesucht. Zun\u00e4chst wurden alle Schaltungen in der frei verf\u00fcgbaren Simulationssoftware LTspice nachgebaut und simuliert. Im Anschluss an &hellip; <a href=\"https:\/\/service.projektlabor.tu-berlin.de\/wordpress\/Synthaffaere\/filter-plus\/\">Weiterlesen <span class=\"meta-nav\">&rarr;<\/span><\/a><\/p>\n","protected":false},"author":66,"featured_media":17,"parent":0,"menu_order":0,"comment_status":"closed","ping_status":"closed","template":"","meta":[],"_links":{"self":[{"href":"https:\/\/service.projektlabor.tu-berlin.de\/wordpress\/Synthaffaere\/wp-json\/wp\/v2\/pages\/10"}],"collection":[{"href":"https:\/\/service.projektlabor.tu-berlin.de\/wordpress\/Synthaffaere\/wp-json\/wp\/v2\/pages"}],"about":[{"href":"https:\/\/service.projektlabor.tu-berlin.de\/wordpress\/Synthaffaere\/wp-json\/wp\/v2\/types\/page"}],"author":[{"embeddable":true,"href":"https:\/\/service.projektlabor.tu-berlin.de\/wordpress\/Synthaffaere\/wp-json\/wp\/v2\/users\/66"}],"replies":[{"embeddable":true,"href":"https:\/\/service.projektlabor.tu-berlin.de\/wordpress\/Synthaffaere\/wp-json\/wp\/v2\/comments?post=10"}],"version-history":[{"count":3,"href":"https:\/\/service.projektlabor.tu-berlin.de\/wordpress\/Synthaffaere\/wp-json\/wp\/v2\/pages\/10\/revisions"}],"predecessor-version":[{"id":137,"href":"https:\/\/service.projektlabor.tu-berlin.de\/wordpress\/Synthaffaere\/wp-json\/wp\/v2\/pages\/10\/revisions\/137"}],"wp:featuredmedia":[{"embeddable":true,"href":"https:\/\/service.projektlabor.tu-berlin.de\/wordpress\/Synthaffaere\/wp-json\/wp\/v2\/media\/17"}],"wp:attachment":[{"href":"https:\/\/service.projektlabor.tu-berlin.de\/wordpress\/Synthaffaere\/wp-json\/wp\/v2\/media?parent=10"}],"curies":[{"name":"wp","href":"https:\/\/api.w.org\/{rel}","templated":true}]}}