{"id":23,"date":"2020-01-15T19:00:58","date_gmt":"2020-01-15T18:00:58","guid":{"rendered":"http:\/\/service.projektlabor.tu-berlin.de\/wordpress\/8bit-waffeleisen\/?page_id=23"},"modified":"2020-02-06T18:16:00","modified_gmt":"2020-02-06T17:16:00","slug":"stromversorgung","status":"publish","type":"page","link":"https:\/\/service.projektlabor.tu-berlin.de\/wordpress\/8bit-waffeleisen\/stromversorgung\/","title":{"rendered":"Stromversorgung"},"content":{"rendered":"<p><img loading=\"lazy\" class=\"size-full wp-image-108 aligncenter\" src=\"http:\/\/service.projektlabor.tu-berlin.de\/wordpress\/8bit-waffeleisen\/wp-content\/uploads\/sites\/27\/2020\/02\/Datei-06.02.20-17-28-28.png\" alt=\"\" width=\"911\" height=\"369\" srcset=\"https:\/\/service.projektlabor.tu-berlin.de\/wordpress\/8bit-waffeleisen\/wp-content\/uploads\/sites\/27\/2020\/02\/Datei-06.02.20-17-28-28.png 911w, https:\/\/service.projektlabor.tu-berlin.de\/wordpress\/8bit-waffeleisen\/wp-content\/uploads\/sites\/27\/2020\/02\/Datei-06.02.20-17-28-28-300x122.png 300w, https:\/\/service.projektlabor.tu-berlin.de\/wordpress\/8bit-waffeleisen\/wp-content\/uploads\/sites\/27\/2020\/02\/Datei-06.02.20-17-28-28-768x311.png 768w, https:\/\/service.projektlabor.tu-berlin.de\/wordpress\/8bit-waffeleisen\/wp-content\/uploads\/sites\/27\/2020\/02\/Datei-06.02.20-17-28-28-100x41.png 100w, https:\/\/service.projektlabor.tu-berlin.de\/wordpress\/8bit-waffeleisen\/wp-content\/uploads\/sites\/27\/2020\/02\/Datei-06.02.20-17-28-28-150x61.png 150w, https:\/\/service.projektlabor.tu-berlin.de\/wordpress\/8bit-waffeleisen\/wp-content\/uploads\/sites\/27\/2020\/02\/Datei-06.02.20-17-28-28-200x81.png 200w, https:\/\/service.projektlabor.tu-berlin.de\/wordpress\/8bit-waffeleisen\/wp-content\/uploads\/sites\/27\/2020\/02\/Datei-06.02.20-17-28-28-450x182.png 450w, https:\/\/service.projektlabor.tu-berlin.de\/wordpress\/8bit-waffeleisen\/wp-content\/uploads\/sites\/27\/2020\/02\/Datei-06.02.20-17-28-28-600x243.png 600w, https:\/\/service.projektlabor.tu-berlin.de\/wordpress\/8bit-waffeleisen\/wp-content\/uploads\/sites\/27\/2020\/02\/Datei-06.02.20-17-28-28-900x365.png 900w\" sizes=\"(max-width: 911px) 100vw, 911px\" \/><\/p>\n<p>Die Stromversorgung unserer Spielkonsole soll auf zwei Weisen realisiert werden. Neben einem kontinuierlichen Netzbetrieb wird zus\u00e4tzlich auch eine mobile, netz-lose Energieversorgung\u00a0 zur Verf\u00fcgung gestellt, um sowohl einen mobilen als auch station\u00e4ren Spielbetrieb zu erm\u00f6glichen.<\/p>\n<p>Daf\u00fcr hat sich die Gruppe der Energieversorgung in zwei Untergruppen geteilt:<\/p>\n<ol>\n<li>Der station\u00e4re Netzbetrieb wird \u00fcber ein klassisches Netzteil geregelt, welches von den Studenten Fabio, Yannik, Tarek und Llambro entworfen wird. Sie entwickeln zum einen eine klassische DCDC- Schaltung f\u00fcr das Netzteil und zum anderen eine IU-Ladeschaltung f\u00fcr die Batterien.<br \/>\nDas Netzteil besitzt drei Kan\u00e4le, an denen die Spannungen 3.3V, 5V und 12V abgegriffen werden k\u00f6nnen. Die Spannungen sind dabei geregelt, sodass diese bei Belastung nicht einbrechen.<br \/>\nDas Ladeger\u00e4t verf\u00fcgt \u00fcber einen Hochsetzsteller mit einem anschlie\u00dfenden IU-Switch (Konstantstrom-Konstantspannung-Ladeverfahren) und Tiefsetzsteller, womit die Batterien der zweiten Untergruppe erst mit 0.5A und anschlie\u00dfend mit 21V geladen werden k\u00f6nnen.<br \/>\nSowohl Netzteil als auch Ladeger\u00e4t erhalten als Eingang konstante 15V mit maximal 6A.<\/li>\n<li>Die mobile L\u00f6sung wird von Marc, Carolin, Dhia und Florian in Form einer portablen Batterieversorgung entwickelt. Diese wird permanent von einem Batterie-Management-System (kurz: BMS) \u00fcberwacht um jederzeit einen sicheren Betrieb zu gew\u00e4hrleisten. Das Balancing der Batterien geschieht dabei passiv \u00fcber parallel geschaltete Widerst\u00e4nde. Bei den Batterien handelt es sich um sechs in Reihe geschaltete Lithium-Eisen-Phosphat-Zellen (LiFePO4). Sollte das Netzteil nicht angeschlossen sein, wird automatisch auf Batteriebetrieb umgeschaltet.<\/li>\n<\/ol>\n<p>Es wurden insgesamt drei Platinen hergestellt, die nachfolgend dargestellt sind.<\/p>\n<figure id=\"attachment_113\" aria-describedby=\"caption-attachment-113\" style=\"width: 1972px\" class=\"wp-caption aligncenter\"><img loading=\"lazy\" class=\"size-full wp-image-113\" src=\"http:\/\/service.projektlabor.tu-berlin.de\/wordpress\/8bit-waffeleisen\/wp-content\/uploads\/sites\/27\/2020\/02\/Platine_Netzteil.png\" alt=\"\" width=\"1972\" height=\"1308\" srcset=\"https:\/\/service.projektlabor.tu-berlin.de\/wordpress\/8bit-waffeleisen\/wp-content\/uploads\/sites\/27\/2020\/02\/Platine_Netzteil.png 1972w, https:\/\/service.projektlabor.tu-berlin.de\/wordpress\/8bit-waffeleisen\/wp-content\/uploads\/sites\/27\/2020\/02\/Platine_Netzteil-300x199.png 300w, https:\/\/service.projektlabor.tu-berlin.de\/wordpress\/8bit-waffeleisen\/wp-content\/uploads\/sites\/27\/2020\/02\/Platine_Netzteil-768x509.png 768w, https:\/\/service.projektlabor.tu-berlin.de\/wordpress\/8bit-waffeleisen\/wp-content\/uploads\/sites\/27\/2020\/02\/Platine_Netzteil-1024x679.png 1024w, https:\/\/service.projektlabor.tu-berlin.de\/wordpress\/8bit-waffeleisen\/wp-content\/uploads\/sites\/27\/2020\/02\/Platine_Netzteil-100x66.png 100w, https:\/\/service.projektlabor.tu-berlin.de\/wordpress\/8bit-waffeleisen\/wp-content\/uploads\/sites\/27\/2020\/02\/Platine_Netzteil-150x99.png 150w, https:\/\/service.projektlabor.tu-berlin.de\/wordpress\/8bit-waffeleisen\/wp-content\/uploads\/sites\/27\/2020\/02\/Platine_Netzteil-200x133.png 200w, https:\/\/service.projektlabor.tu-berlin.de\/wordpress\/8bit-waffeleisen\/wp-content\/uploads\/sites\/27\/2020\/02\/Platine_Netzteil-450x298.png 450w, https:\/\/service.projektlabor.tu-berlin.de\/wordpress\/8bit-waffeleisen\/wp-content\/uploads\/sites\/27\/2020\/02\/Platine_Netzteil-600x398.png 600w, https:\/\/service.projektlabor.tu-berlin.de\/wordpress\/8bit-waffeleisen\/wp-content\/uploads\/sites\/27\/2020\/02\/Platine_Netzteil-900x597.png 900w\" sizes=\"(max-width: 1972px) 100vw, 1972px\" \/><figcaption id=\"caption-attachment-113\" class=\"wp-caption-text\">Netzteil-Platine Top-Ansicht mit und ohne Bauteile<\/figcaption><\/figure>\n<figure id=\"attachment_112\" aria-describedby=\"caption-attachment-112\" style=\"width: 1492px\" class=\"wp-caption aligncenter\"><img loading=\"lazy\" class=\"size-full wp-image-112\" src=\"http:\/\/service.projektlabor.tu-berlin.de\/wordpress\/8bit-waffeleisen\/wp-content\/uploads\/sites\/27\/2020\/02\/Platine_Ladegeraet_Top.jpeg\" alt=\"\" width=\"1492\" height=\"897\" srcset=\"https:\/\/service.projektlabor.tu-berlin.de\/wordpress\/8bit-waffeleisen\/wp-content\/uploads\/sites\/27\/2020\/02\/Platine_Ladegeraet_Top.jpeg 1492w, https:\/\/service.projektlabor.tu-berlin.de\/wordpress\/8bit-waffeleisen\/wp-content\/uploads\/sites\/27\/2020\/02\/Platine_Ladegeraet_Top-300x180.jpeg 300w, https:\/\/service.projektlabor.tu-berlin.de\/wordpress\/8bit-waffeleisen\/wp-content\/uploads\/sites\/27\/2020\/02\/Platine_Ladegeraet_Top-768x462.jpeg 768w, https:\/\/service.projektlabor.tu-berlin.de\/wordpress\/8bit-waffeleisen\/wp-content\/uploads\/sites\/27\/2020\/02\/Platine_Ladegeraet_Top-1024x616.jpeg 1024w, https:\/\/service.projektlabor.tu-berlin.de\/wordpress\/8bit-waffeleisen\/wp-content\/uploads\/sites\/27\/2020\/02\/Platine_Ladegeraet_Top-100x60.jpeg 100w, https:\/\/service.projektlabor.tu-berlin.de\/wordpress\/8bit-waffeleisen\/wp-content\/uploads\/sites\/27\/2020\/02\/Platine_Ladegeraet_Top-150x90.jpeg 150w, https:\/\/service.projektlabor.tu-berlin.de\/wordpress\/8bit-waffeleisen\/wp-content\/uploads\/sites\/27\/2020\/02\/Platine_Ladegeraet_Top-200x120.jpeg 200w, https:\/\/service.projektlabor.tu-berlin.de\/wordpress\/8bit-waffeleisen\/wp-content\/uploads\/sites\/27\/2020\/02\/Platine_Ladegeraet_Top-450x271.jpeg 450w, https:\/\/service.projektlabor.tu-berlin.de\/wordpress\/8bit-waffeleisen\/wp-content\/uploads\/sites\/27\/2020\/02\/Platine_Ladegeraet_Top-600x361.jpeg 600w, https:\/\/service.projektlabor.tu-berlin.de\/wordpress\/8bit-waffeleisen\/wp-content\/uploads\/sites\/27\/2020\/02\/Platine_Ladegeraet_Top-900x541.jpeg 900w\" sizes=\"(max-width: 1492px) 100vw, 1492px\" \/><figcaption id=\"caption-attachment-112\" class=\"wp-caption-text\">IU-Ladeger\u00e4t-Platine Top-Ansicht<\/figcaption><\/figure>\n<figure id=\"attachment_111\" aria-describedby=\"caption-attachment-111\" style=\"width: 3803px\" class=\"wp-caption aligncenter\"><img loading=\"lazy\" class=\"size-full wp-image-111\" src=\"http:\/\/service.projektlabor.tu-berlin.de\/wordpress\/8bit-waffeleisen\/wp-content\/uploads\/sites\/27\/2020\/02\/Foto_BMS_Platine.jpg\" alt=\"\" width=\"3803\" height=\"2094\" srcset=\"https:\/\/service.projektlabor.tu-berlin.de\/wordpress\/8bit-waffeleisen\/wp-content\/uploads\/sites\/27\/2020\/02\/Foto_BMS_Platine.jpg 3803w, https:\/\/service.projektlabor.tu-berlin.de\/wordpress\/8bit-waffeleisen\/wp-content\/uploads\/sites\/27\/2020\/02\/Foto_BMS_Platine-300x165.jpg 300w, https:\/\/service.projektlabor.tu-berlin.de\/wordpress\/8bit-waffeleisen\/wp-content\/uploads\/sites\/27\/2020\/02\/Foto_BMS_Platine-768x423.jpg 768w, https:\/\/service.projektlabor.tu-berlin.de\/wordpress\/8bit-waffeleisen\/wp-content\/uploads\/sites\/27\/2020\/02\/Foto_BMS_Platine-1024x564.jpg 1024w, https:\/\/service.projektlabor.tu-berlin.de\/wordpress\/8bit-waffeleisen\/wp-content\/uploads\/sites\/27\/2020\/02\/Foto_BMS_Platine-100x55.jpg 100w, https:\/\/service.projektlabor.tu-berlin.de\/wordpress\/8bit-waffeleisen\/wp-content\/uploads\/sites\/27\/2020\/02\/Foto_BMS_Platine-150x83.jpg 150w, https:\/\/service.projektlabor.tu-berlin.de\/wordpress\/8bit-waffeleisen\/wp-content\/uploads\/sites\/27\/2020\/02\/Foto_BMS_Platine-200x110.jpg 200w, https:\/\/service.projektlabor.tu-berlin.de\/wordpress\/8bit-waffeleisen\/wp-content\/uploads\/sites\/27\/2020\/02\/Foto_BMS_Platine-450x248.jpg 450w, https:\/\/service.projektlabor.tu-berlin.de\/wordpress\/8bit-waffeleisen\/wp-content\/uploads\/sites\/27\/2020\/02\/Foto_BMS_Platine-600x330.jpg 600w, https:\/\/service.projektlabor.tu-berlin.de\/wordpress\/8bit-waffeleisen\/wp-content\/uploads\/sites\/27\/2020\/02\/Foto_BMS_Platine-900x496.jpg 900w\" sizes=\"(max-width: 3803px) 100vw, 3803px\" \/><figcaption id=\"caption-attachment-111\" class=\"wp-caption-text\">BMS-Platine Top-Ansicht<\/figcaption><\/figure>\n","protected":false},"excerpt":{"rendered":"<p>Die Stromversorgung unserer Spielkonsole soll auf zwei Weisen realisiert werden. Neben einem kontinuierlichen Netzbetrieb wird zus\u00e4tzlich auch eine mobile, netz-lose Energieversorgung\u00a0 zur Verf\u00fcgung gestellt, um sowohl einen mobilen als auch station\u00e4ren Spielbetrieb zu erm\u00f6glichen. Daf\u00fcr hat sich die Gruppe der &hellip;<\/p>\n<p class=\"read-more\"> <a class=\"more-link\" href=\"https:\/\/service.projektlabor.tu-berlin.de\/wordpress\/8bit-waffeleisen\/stromversorgung\/\"> <span class=\"screen-reader-text\">Stromversorgung<\/span> Read More &raquo;<\/a><\/p>\n","protected":false},"author":99,"featured_media":0,"parent":0,"menu_order":0,"comment_status":"closed","ping_status":"closed","template":"","meta":[],"_links":{"self":[{"href":"https:\/\/service.projektlabor.tu-berlin.de\/wordpress\/8bit-waffeleisen\/wp-json\/wp\/v2\/pages\/23"}],"collection":[{"href":"https:\/\/service.projektlabor.tu-berlin.de\/wordpress\/8bit-waffeleisen\/wp-json\/wp\/v2\/pages"}],"about":[{"href":"https:\/\/service.projektlabor.tu-berlin.de\/wordpress\/8bit-waffeleisen\/wp-json\/wp\/v2\/types\/page"}],"author":[{"embeddable":true,"href":"https:\/\/service.projektlabor.tu-berlin.de\/wordpress\/8bit-waffeleisen\/wp-json\/wp\/v2\/users\/99"}],"replies":[{"embeddable":true,"href":"https:\/\/service.projektlabor.tu-berlin.de\/wordpress\/8bit-waffeleisen\/wp-json\/wp\/v2\/comments?post=23"}],"version-history":[{"count":16,"href":"https:\/\/service.projektlabor.tu-berlin.de\/wordpress\/8bit-waffeleisen\/wp-json\/wp\/v2\/pages\/23\/revisions"}],"predecessor-version":[{"id":121,"href":"https:\/\/service.projektlabor.tu-berlin.de\/wordpress\/8bit-waffeleisen\/wp-json\/wp\/v2\/pages\/23\/revisions\/121"}],"wp:attachment":[{"href":"https:\/\/service.projektlabor.tu-berlin.de\/wordpress\/8bit-waffeleisen\/wp-json\/wp\/v2\/media?parent=23"}],"curies":[{"name":"wp","href":"https:\/\/api.w.org\/{rel}","templated":true}]}}