{"id":2,"date":"2020-01-09T15:48:40","date_gmt":"2020-01-09T14:48:40","guid":{"rendered":"http:\/\/service.projektlabor.tu-berlin.de\/wordpress\/8bit-waffeleisen\/?page_id=2"},"modified":"2020-02-18T16:08:07","modified_gmt":"2020-02-18T15:08:07","slug":"beispiel-seite","status":"publish","type":"page","link":"https:\/\/service.projektlabor.tu-berlin.de\/wordpress\/8bit-waffeleisen\/","title":{"rendered":"Eine Spielekonsole in Retro Optik"},"content":{"rendered":"<p><span style=\"color: #ffffff;\">vvvvvvvvvvvvvvvvvvvvvvvvvvv<\/span>\u00a0 <img loading=\"lazy\" class=\"alignnone wp-image-122\" src=\"http:\/\/service.projektlabor.tu-berlin.de\/wordpress\/8bit-waffeleisen\/wp-content\/uploads\/sites\/27\/2020\/02\/prolab-225x300.jpg\" alt=\"\" width=\"178\" height=\"238\" srcset=\"https:\/\/service.projektlabor.tu-berlin.de\/wordpress\/8bit-waffeleisen\/wp-content\/uploads\/sites\/27\/2020\/02\/prolab-225x300.jpg 225w, https:\/\/service.projektlabor.tu-berlin.de\/wordpress\/8bit-waffeleisen\/wp-content\/uploads\/sites\/27\/2020\/02\/prolab-768x1024.jpg 768w, https:\/\/service.projektlabor.tu-berlin.de\/wordpress\/8bit-waffeleisen\/wp-content\/uploads\/sites\/27\/2020\/02\/prolab-100x133.jpg 100w, https:\/\/service.projektlabor.tu-berlin.de\/wordpress\/8bit-waffeleisen\/wp-content\/uploads\/sites\/27\/2020\/02\/prolab-150x200.jpg 150w, https:\/\/service.projektlabor.tu-berlin.de\/wordpress\/8bit-waffeleisen\/wp-content\/uploads\/sites\/27\/2020\/02\/prolab-200x267.jpg 200w, https:\/\/service.projektlabor.tu-berlin.de\/wordpress\/8bit-waffeleisen\/wp-content\/uploads\/sites\/27\/2020\/02\/prolab-300x400.jpg 300w, https:\/\/service.projektlabor.tu-berlin.de\/wordpress\/8bit-waffeleisen\/wp-content\/uploads\/sites\/27\/2020\/02\/prolab-450x600.jpg 450w, https:\/\/service.projektlabor.tu-berlin.de\/wordpress\/8bit-waffeleisen\/wp-content\/uploads\/sites\/27\/2020\/02\/prolab-600x800.jpg 600w, https:\/\/service.projektlabor.tu-berlin.de\/wordpress\/8bit-waffeleisen\/wp-content\/uploads\/sites\/27\/2020\/02\/prolab-900x1200.jpg 900w, https:\/\/service.projektlabor.tu-berlin.de\/wordpress\/8bit-waffeleisen\/wp-content\/uploads\/sites\/27\/2020\/02\/prolab.jpg 960w\" sizes=\"(max-width: 178px) 100vw, 178px\" \/><img loading=\"lazy\" class=\" wp-image-124 alignnone\" src=\"http:\/\/service.projektlabor.tu-berlin.de\/wordpress\/8bit-waffeleisen\/wp-content\/uploads\/sites\/27\/2020\/02\/photo_2020-02-09_15-47-20-300x225.jpg\" alt=\"\" width=\"316\" height=\"237\" srcset=\"https:\/\/service.projektlabor.tu-berlin.de\/wordpress\/8bit-waffeleisen\/wp-content\/uploads\/sites\/27\/2020\/02\/photo_2020-02-09_15-47-20-300x225.jpg 300w, https:\/\/service.projektlabor.tu-berlin.de\/wordpress\/8bit-waffeleisen\/wp-content\/uploads\/sites\/27\/2020\/02\/photo_2020-02-09_15-47-20-768x576.jpg 768w, https:\/\/service.projektlabor.tu-berlin.de\/wordpress\/8bit-waffeleisen\/wp-content\/uploads\/sites\/27\/2020\/02\/photo_2020-02-09_15-47-20-1024x768.jpg 1024w, https:\/\/service.projektlabor.tu-berlin.de\/wordpress\/8bit-waffeleisen\/wp-content\/uploads\/sites\/27\/2020\/02\/photo_2020-02-09_15-47-20-100x75.jpg 100w, https:\/\/service.projektlabor.tu-berlin.de\/wordpress\/8bit-waffeleisen\/wp-content\/uploads\/sites\/27\/2020\/02\/photo_2020-02-09_15-47-20-150x113.jpg 150w, https:\/\/service.projektlabor.tu-berlin.de\/wordpress\/8bit-waffeleisen\/wp-content\/uploads\/sites\/27\/2020\/02\/photo_2020-02-09_15-47-20-200x150.jpg 200w, https:\/\/service.projektlabor.tu-berlin.de\/wordpress\/8bit-waffeleisen\/wp-content\/uploads\/sites\/27\/2020\/02\/photo_2020-02-09_15-47-20-450x338.jpg 450w, https:\/\/service.projektlabor.tu-berlin.de\/wordpress\/8bit-waffeleisen\/wp-content\/uploads\/sites\/27\/2020\/02\/photo_2020-02-09_15-47-20-600x450.jpg 600w, https:\/\/service.projektlabor.tu-berlin.de\/wordpress\/8bit-waffeleisen\/wp-content\/uploads\/sites\/27\/2020\/02\/photo_2020-02-09_15-47-20-900x675.jpg 900w, https:\/\/service.projektlabor.tu-berlin.de\/wordpress\/8bit-waffeleisen\/wp-content\/uploads\/sites\/27\/2020\/02\/photo_2020-02-09_15-47-20.jpg 1280w\" sizes=\"(max-width: 316px) 100vw, 316px\" \/><\/p>\n<p><strong>In dem Projekt sollte eine Spielekonsole in Retro Optik erstellt werden. Rahmenbedingung war die Erf\u00fcllung einer Low-Budget-Vorgabe.<\/strong><\/p>\n<blockquote><p><strong>Was: <\/strong>Das<em> &#8222;8 Bit &#8211; Waffeleisen<\/em><em>&#8222;<\/em> ist eine Single- und Multiplayer Tischspielekonsole, welche sowohl im Netz- als auch zeitweise im Batteriebetrieb betrieben werden kann. Es stehen drei Spiele zur Verf\u00fcgung, Pong, Bricks und CarRace. Das Display auf dem die Spiele angezeigt werden ist eine 64&#215;64 LED-Matrix, diese soll wesentlich dazu beitragen ein Retro-Feeling herzustellen. Eine HD-Aufl\u00f6sung ist weder gegeben noch gew\u00fcnscht.\u00a0 Ein integrierter M\u00fcnzeinwurf sorgt f\u00fcr die selbst\u00e4ndige Refinanzierung von der Ger\u00e4t.*<\/p><\/blockquote>\n<p>&nbsp;<\/p>\n<blockquote><p><strong>Wie: <\/strong>S\u00e4mtliche Spiele wurden auf dem Mikrocontroller <em>STM32<\/em> implementiert, mit diesem wird auch die graphische Ausgabe der Spiele \u00fcber den Display(LED-Matrix) gew\u00e4hrleistet. Eine weitere Anzeige, an g\u00fcnstiger Stelle platziert, zeigt den aktuellen Punktestand von bis zu zwei Spielern an- ein Spa\u00df f\u00fcr die ganze Familie!*<\/p><\/blockquote>\n<p>Das 8 Bit &#8211; Waffeleisen- Team w\u00fcnscht euch viel Spa\u00df beim Zocken!!!\u00a0 \ud83d\ude09<\/p>\n<p>*Alle Angaben ohne Gew\u00e4hr<\/p>\n<p>Den vollst\u00e4ndigen Abschlussbericht findet ihr <a href=\"http:\/\/service.projektlabor.tu-berlin.de\/wordpress\/8bit-waffeleisen\/wp-content\/uploads\/sites\/27\/2020\/02\/ProLab_WiSe1920_8BitWaffeleisen__V1_Abgabe28012020.pdf\">hier.<\/a><\/p>\n","protected":false},"excerpt":{"rendered":"<p>vvvvvvvvvvvvvvvvvvvvvvvvvvv\u00a0 In dem Projekt sollte eine Spielekonsole in Retro Optik erstellt werden. Rahmenbedingung war die Erf\u00fcllung einer Low-Budget-Vorgabe. Was: Das &#8222;8 Bit &#8211; Waffeleisen&#8222; ist eine Single- und Multiplayer Tischspielekonsole, welche sowohl im Netz- als auch zeitweise im Batteriebetrieb betrieben &hellip;<\/p>\n<p class=\"read-more\"> <a class=\"more-link\" href=\"https:\/\/service.projektlabor.tu-berlin.de\/wordpress\/8bit-waffeleisen\/\"> <span class=\"screen-reader-text\">Eine Spielekonsole in Retro Optik<\/span> Read More &raquo;<\/a><\/p>\n","protected":false},"author":98,"featured_media":0,"parent":0,"menu_order":0,"comment_status":"closed","ping_status":"open","template":"full-width-page.php","meta":[],"_links":{"self":[{"href":"https:\/\/service.projektlabor.tu-berlin.de\/wordpress\/8bit-waffeleisen\/wp-json\/wp\/v2\/pages\/2"}],"collection":[{"href":"https:\/\/service.projektlabor.tu-berlin.de\/wordpress\/8bit-waffeleisen\/wp-json\/wp\/v2\/pages"}],"about":[{"href":"https:\/\/service.projektlabor.tu-berlin.de\/wordpress\/8bit-waffeleisen\/wp-json\/wp\/v2\/types\/page"}],"author":[{"embeddable":true,"href":"https:\/\/service.projektlabor.tu-berlin.de\/wordpress\/8bit-waffeleisen\/wp-json\/wp\/v2\/users\/98"}],"replies":[{"embeddable":true,"href":"https:\/\/service.projektlabor.tu-berlin.de\/wordpress\/8bit-waffeleisen\/wp-json\/wp\/v2\/comments?post=2"}],"version-history":[{"count":15,"href":"https:\/\/service.projektlabor.tu-berlin.de\/wordpress\/8bit-waffeleisen\/wp-json\/wp\/v2\/pages\/2\/revisions"}],"predecessor-version":[{"id":138,"href":"https:\/\/service.projektlabor.tu-berlin.de\/wordpress\/8bit-waffeleisen\/wp-json\/wp\/v2\/pages\/2\/revisions\/138"}],"wp:attachment":[{"href":"https:\/\/service.projektlabor.tu-berlin.de\/wordpress\/8bit-waffeleisen\/wp-json\/wp\/v2\/media?parent=2"}],"curies":[{"name":"wp","href":"https:\/\/api.w.org\/{rel}","templated":true}]}}